{"id":3205,"date":"2021-08-09T14:04:14","date_gmt":"2021-08-09T12:04:14","guid":{"rendered":"http:\/\/dufilautresor.com\/wp\/?post_type=product&#038;p=3205"},"modified":"2025-10-18T14:19:48","modified_gmt":"2025-10-18T12:19:48","slug":"sac-tartan-gris","status":"publish","type":"product","link":"https:\/\/dufilautresor.com\/wp\/produit\/sac-tartan-gris\/","title":{"rendered":"Sac Tartan gris"},"content":{"rendered":"<p>Le mini-cabas est id\u00e9al avec son anse port\u00e9 main. Chic dans ce beau lainage tartan rouge et gris ind\u00e9modable, et pratique par sa mini taille et ces poches int\u00e9rieures.<\/p>\n<p>Tartan laine, velours, int\u00e9rieur coton<\/p>\n<p>Taille sac 33 x 29 x 10 cm, anses 30 cm, poche int\u00e9rieure avec zip 22 x 18cm, poche int\u00e9rieure portable 16 x 11 cm<\/p>\n<p>Lavable froid sur l&#8217;envers, pas d&#8217;essorage<\/p>\n<p>Pi\u00e8ce unique, fait main<\/p>\n","protected":false},"excerpt":{"rendered":"<p>Le petit sac id\u00e9al pour la journ\u00e9e, sa taille est parfaite pour emporter partout papier, maquillage, petite bouteille d&#8217;eau&#8230;<\/p>\n<p>&nbsp;<\/p>\n","protected":false},"featured_media":3192,"comment_status":"open","ping_status":"closed","template":"","meta":[],"product_cat":[92,93,19],"product_tag":[37,64,51,17],"acf":[],"yoast_head":"<!-- This site is optimized with the Yoast SEO plugin v21.7 - https:\/\/yoast.com\/wordpress\/plugins\/seo\/ -->\n<title>Sac mini-cabas tartan gris - Du Fil au Tr\u00e9sor<\/title>\n<meta name=\"description\" content=\"Le mini-cabas est id\u00e9al avec son anse port\u00e9 main. Chic et pratique par sa mini taille et ces poches int\u00e9rieures. Sac Tartan gris Mini cabas tartan\" \/>\n<meta name=\"robots\" content=\"index, follow, max-snippet:-1, max-image-preview:large, max-video-preview:-1\" \/>\n<link rel=\"canonical\" href=\"https:\/\/dufilautresor.com\/wp\/produit\/sac-tartan-gris\/\" \/>\n<meta property=\"og:locale\" content=\"fr_FR\" \/>\n<meta property=\"og:type\" content=\"article\" \/>\n<meta property=\"og:title\" content=\"Sac mini-cabas tartan gris - Du Fil au Tr\u00e9sor\" \/>\n<meta property=\"og:description\" content=\"Le mini-cabas est id\u00e9al avec son anse port\u00e9 main. Chic et pratique par sa mini taille et ces poches int\u00e9rieures. Sac Tartan gris Mini cabas tartan\" \/>\n<meta property=\"og:url\" content=\"https:\/\/dufilautresor.com\/wp\/produit\/sac-tartan-gris\/\" \/>\n<meta property=\"og:site_name\" content=\"Du Fil au Tr\u00e9sor\" \/>\n<meta property=\"article:publisher\" content=\"https:\/\/www.facebook.com\/dufilautresor\/?locale=fr_FR\" \/>\n<meta property=\"article:modified_time\" content=\"2025-10-18T12:19:48+00:00\" \/>\n<meta property=\"og:image\" content=\"https:\/\/dufilautresor.com\/wp\/wp-content\/uploads\/2021\/08\/IMG_1742-1024x1024.jpg\" \/>\n\t<meta property=\"og:image:width\" content=\"1024\" \/>\n\t<meta property=\"og:image:height\" content=\"1024\" \/>\n\t<meta property=\"og:image:type\" content=\"image\/jpeg\" \/>\n<meta name=\"twitter:card\" content=\"summary_large_image\" \/>\n<meta name=\"twitter:label1\" content=\"Dur\u00e9e de lecture estim\u00e9e\" \/>\n\t<meta name=\"twitter:data1\" content=\"1 minute\" \/>\n<script type=\"application\/ld+json\" class=\"yoast-schema-graph\">{\"@context\":\"https:\/\/schema.org\",\"@graph\":[{\"@type\":\"WebPage\",\"@id\":\"https:\/\/dufilautresor.com\/wp\/produit\/sac-tartan-gris\/\",\"url\":\"https:\/\/dufilautresor.com\/wp\/produit\/sac-tartan-gris\/\",\"name\":\"Sac mini-cabas tartan gris - Du Fil au Tr\u00e9sor\",\"isPartOf\":{\"@id\":\"https:\/\/dufilautresor.com\/wp\/#website\"},\"datePublished\":\"2021-08-09T12:04:14+00:00\",\"dateModified\":\"2025-10-18T12:19:48+00:00\",\"description\":\"Le mini-cabas est id\u00e9al avec son anse port\u00e9 main. Chic et pratique par sa mini taille et ces poches int\u00e9rieures. Sac Tartan gris Mini cabas tartan\",\"breadcrumb\":{\"@id\":\"https:\/\/dufilautresor.com\/wp\/produit\/sac-tartan-gris\/#breadcrumb\"},\"inLanguage\":\"fr-FR\",\"potentialAction\":[{\"@type\":\"ReadAction\",\"target\":[\"https:\/\/dufilautresor.com\/wp\/produit\/sac-tartan-gris\/\"]}]},{\"@type\":\"BreadcrumbList\",\"@id\":\"https:\/\/dufilautresor.com\/wp\/produit\/sac-tartan-gris\/#breadcrumb\",\"itemListElement\":[{\"@type\":\"ListItem\",\"position\":1,\"name\":\"Accueil\",\"item\":\"https:\/\/dufilautresor.com\/wp\/\"},{\"@type\":\"ListItem\",\"position\":2,\"name\":\"Boutique\",\"item\":\"https:\/\/dufilautresor.com\/wp\/boutique\/\"},{\"@type\":\"ListItem\",\"position\":3,\"name\":\"Sac Tartan gris\"}]},{\"@type\":\"WebSite\",\"@id\":\"https:\/\/dufilautresor.com\/wp\/#website\",\"url\":\"https:\/\/dufilautresor.com\/wp\/\",\"name\":\"Du Fil au Tr\u00e9sor\",\"description\":\"Cr\u00e9ations de fil et d&#039;aiguilles \u00e0 s&#039;offrir - 100% fait main et made in france avec passion des finitions bien faites.\",\"publisher\":{\"@id\":\"https:\/\/dufilautresor.com\/wp\/#organization\"},\"potentialAction\":[{\"@type\":\"SearchAction\",\"target\":{\"@type\":\"EntryPoint\",\"urlTemplate\":\"https:\/\/dufilautresor.com\/wp\/?s={search_term_string}\"},\"query-input\":\"required name=search_term_string\"}],\"inLanguage\":\"fr-FR\"},{\"@type\":\"Organization\",\"@id\":\"https:\/\/dufilautresor.com\/wp\/#organization\",\"name\":\"Du Fil au Tr\u00e9sor\",\"url\":\"https:\/\/dufilautresor.com\/wp\/\",\"logo\":{\"@type\":\"ImageObject\",\"inLanguage\":\"fr-FR\",\"@id\":\"https:\/\/dufilautresor.com\/wp\/#\/schema\/logo\/image\/\",\"url\":\"http:\/\/dufilautresor.com\/wp\/wp-content\/uploads\/2018\/10\/dufil_logo.svg\",\"contentUrl\":\"http:\/\/dufilautresor.com\/wp\/wp-content\/uploads\/2018\/10\/dufil_logo.svg\",\"width\":1,\"height\":1,\"caption\":\"Du Fil au Tr\u00e9sor\"},\"image\":{\"@id\":\"https:\/\/dufilautresor.com\/wp\/#\/schema\/logo\/image\/\"},\"sameAs\":[\"https:\/\/www.facebook.com\/dufilautresor\/?locale=fr_FR\"]}]}<\/script>\n<!-- \/ Yoast SEO plugin. -->","yoast_head_json":{"title":"Sac mini-cabas tartan gris - Du Fil au Tr\u00e9sor","description":"Le mini-cabas est id\u00e9al avec son anse port\u00e9 main. Chic et pratique par sa mini taille et ces poches int\u00e9rieures. Sac Tartan gris Mini cabas tartan","robots":{"index":"index","follow":"follow","max-snippet":"max-snippet:-1","max-image-preview":"max-image-preview:large","max-video-preview":"max-video-preview:-1"},"canonical":"https:\/\/dufilautresor.com\/wp\/produit\/sac-tartan-gris\/","og_locale":"fr_FR","og_type":"article","og_title":"Sac mini-cabas tartan gris - Du Fil au Tr\u00e9sor","og_description":"Le mini-cabas est id\u00e9al avec son anse port\u00e9 main. Chic et pratique par sa mini taille et ces poches int\u00e9rieures. Sac Tartan gris Mini cabas tartan","og_url":"https:\/\/dufilautresor.com\/wp\/produit\/sac-tartan-gris\/","og_site_name":"Du Fil au Tr\u00e9sor","article_publisher":"https:\/\/www.facebook.com\/dufilautresor\/?locale=fr_FR","article_modified_time":"2025-10-18T12:19:48+00:00","og_image":[{"width":1024,"height":1024,"url":"https:\/\/dufilautresor.com\/wp\/wp-content\/uploads\/2021\/08\/IMG_1742-1024x1024.jpg","type":"image\/jpeg"}],"twitter_card":"summary_large_image","twitter_misc":{"Dur\u00e9e de lecture estim\u00e9e":"1 minute"},"schema":{"@context":"https:\/\/schema.org","@graph":[{"@type":"WebPage","@id":"https:\/\/dufilautresor.com\/wp\/produit\/sac-tartan-gris\/","url":"https:\/\/dufilautresor.com\/wp\/produit\/sac-tartan-gris\/","name":"Sac mini-cabas tartan gris - Du Fil au Tr\u00e9sor","isPartOf":{"@id":"https:\/\/dufilautresor.com\/wp\/#website"},"datePublished":"2021-08-09T12:04:14+00:00","dateModified":"2025-10-18T12:19:48+00:00","description":"Le mini-cabas est id\u00e9al avec son anse port\u00e9 main. Chic et pratique par sa mini taille et ces poches int\u00e9rieures. Sac Tartan gris Mini cabas tartan","breadcrumb":{"@id":"https:\/\/dufilautresor.com\/wp\/produit\/sac-tartan-gris\/#breadcrumb"},"inLanguage":"fr-FR","potentialAction":[{"@type":"ReadAction","target":["https:\/\/dufilautresor.com\/wp\/produit\/sac-tartan-gris\/"]}]},{"@type":"BreadcrumbList","@id":"https:\/\/dufilautresor.com\/wp\/produit\/sac-tartan-gris\/#breadcrumb","itemListElement":[{"@type":"ListItem","position":1,"name":"Accueil","item":"https:\/\/dufilautresor.com\/wp\/"},{"@type":"ListItem","position":2,"name":"Boutique","item":"https:\/\/dufilautresor.com\/wp\/boutique\/"},{"@type":"ListItem","position":3,"name":"Sac Tartan gris"}]},{"@type":"WebSite","@id":"https:\/\/dufilautresor.com\/wp\/#website","url":"https:\/\/dufilautresor.com\/wp\/","name":"Du Fil au Tr\u00e9sor","description":"Cr\u00e9ations de fil et d&#039;aiguilles \u00e0 s&#039;offrir - 100% fait main et made in france avec passion des finitions bien faites.","publisher":{"@id":"https:\/\/dufilautresor.com\/wp\/#organization"},"potentialAction":[{"@type":"SearchAction","target":{"@type":"EntryPoint","urlTemplate":"https:\/\/dufilautresor.com\/wp\/?s={search_term_string}"},"query-input":"required name=search_term_string"}],"inLanguage":"fr-FR"},{"@type":"Organization","@id":"https:\/\/dufilautresor.com\/wp\/#organization","name":"Du Fil au Tr\u00e9sor","url":"https:\/\/dufilautresor.com\/wp\/","logo":{"@type":"ImageObject","inLanguage":"fr-FR","@id":"https:\/\/dufilautresor.com\/wp\/#\/schema\/logo\/image\/","url":"http:\/\/dufilautresor.com\/wp\/wp-content\/uploads\/2018\/10\/dufil_logo.svg","contentUrl":"http:\/\/dufilautresor.com\/wp\/wp-content\/uploads\/2018\/10\/dufil_logo.svg","width":1,"height":1,"caption":"Du Fil au Tr\u00e9sor"},"image":{"@id":"https:\/\/dufilautresor.com\/wp\/#\/schema\/logo\/image\/"},"sameAs":["https:\/\/www.facebook.com\/dufilautresor\/?locale=fr_FR"]}]}},"jetpack_sharing_enabled":true,"_links":{"self":[{"href":"https:\/\/dufilautresor.com\/wp\/wp-json\/wp\/v2\/product\/3205"}],"collection":[{"href":"https:\/\/dufilautresor.com\/wp\/wp-json\/wp\/v2\/product"}],"about":[{"href":"https:\/\/dufilautresor.com\/wp\/wp-json\/wp\/v2\/types\/product"}],"replies":[{"embeddable":true,"href":"https:\/\/dufilautresor.com\/wp\/wp-json\/wp\/v2\/comments?post=3205"}],"wp:featuredmedia":[{"embeddable":true,"href":"https:\/\/dufilautresor.com\/wp\/wp-json\/wp\/v2\/media\/3192"}],"wp:attachment":[{"href":"https:\/\/dufilautresor.com\/wp\/wp-json\/wp\/v2\/media?parent=3205"}],"wp:term":[{"taxonomy":"product_cat","embeddable":true,"href":"https:\/\/dufilautresor.com\/wp\/wp-json\/wp\/v2\/product_cat?post=3205"},{"taxonomy":"product_tag","embeddable":true,"href":"https:\/\/dufilautresor.com\/wp\/wp-json\/wp\/v2\/product_tag?post=3205"}],"curies":[{"name":"wp","href":"https:\/\/api.w.org\/{rel}","templated":true}]}}