{"id":331,"date":"2019-06-28T17:20:23","date_gmt":"2019-06-28T15:20:23","guid":{"rendered":"http:\/\/dufilautresor.com\/wp\/?post_type=product&#038;p=331"},"modified":"2025-10-18T14:28:10","modified_gmt":"2025-10-18T12:28:10","slug":"coussin-patch-rose","status":"publish","type":"product","link":"http:\/\/dufilautresor.com\/wp\/produit\/coussin-patch-rose\/","title":{"rendered":"Coussin Patch Rose"},"content":{"rendered":"<p>Coussin patchwork<\/p>\n<p>Coton et linge ancien, vendu avec garniture. Lavage 40 maxi.<\/p>\n<p>Taille 40 x 40 cm<\/p>\n<p>Fait main, pi\u00e8ce unique<\/p>\n","protected":false},"excerpt":{"rendered":"<p>Coussin patchwork pour d\u00e9corer votre int\u00e9rieur<\/p>\n","protected":false},"featured_media":324,"comment_status":"open","ping_status":"closed","template":"","meta":[],"product_cat":[87,89,90],"product_tag":[35,53],"acf":[],"yoast_head":"<!-- This site is optimized with the Yoast SEO plugin v21.7 - https:\/\/yoast.com\/wordpress\/plugins\/seo\/ -->\n<title>Coussin Patch Rose - Du Fil au Tr\u00e9sor<\/title>\n<meta name=\"robots\" content=\"index, follow, max-snippet:-1, max-image-preview:large, max-video-preview:-1\" \/>\n<link rel=\"canonical\" href=\"http:\/\/dufilautresor.com\/wp\/produit\/coussin-patch-rose\/\" \/>\n<meta property=\"og:locale\" content=\"fr_FR\" \/>\n<meta property=\"og:type\" content=\"article\" \/>\n<meta property=\"og:title\" content=\"Coussin Patch Rose - Du Fil au Tr\u00e9sor\" \/>\n<meta property=\"og:description\" content=\"Coussin patchwork pour d\u00e9corer votre int\u00e9rieur\" \/>\n<meta property=\"og:url\" content=\"http:\/\/dufilautresor.com\/wp\/produit\/coussin-patch-rose\/\" \/>\n<meta property=\"og:site_name\" content=\"Du Fil au Tr\u00e9sor\" \/>\n<meta property=\"article:publisher\" content=\"https:\/\/www.facebook.com\/dufilautresor\/?locale=fr_FR\" \/>\n<meta property=\"article:modified_time\" content=\"2025-10-18T12:28:10+00:00\" \/>\n<meta property=\"og:image\" content=\"http:\/\/dufilautresor.com\/wp\/wp-content\/uploads\/2019\/06\/89D7180A-CF54-491C-9C0D-A4FE8CE910F2.jpeg\" \/>\n\t<meta property=\"og:image:width\" content=\"2448\" \/>\n\t<meta property=\"og:image:height\" content=\"2448\" \/>\n\t<meta property=\"og:image:type\" content=\"image\/jpeg\" \/>\n<meta name=\"twitter:card\" content=\"summary_large_image\" \/>\n<script type=\"application\/ld+json\" class=\"yoast-schema-graph\">{\"@context\":\"https:\/\/schema.org\",\"@graph\":[{\"@type\":\"WebPage\",\"@id\":\"http:\/\/dufilautresor.com\/wp\/produit\/coussin-patch-rose\/\",\"url\":\"http:\/\/dufilautresor.com\/wp\/produit\/coussin-patch-rose\/\",\"name\":\"Coussin Patch Rose - Du Fil au Tr\u00e9sor\",\"isPartOf\":{\"@id\":\"https:\/\/dufilautresor.com\/wp\/#website\"},\"datePublished\":\"2019-06-28T15:20:23+00:00\",\"dateModified\":\"2025-10-18T12:28:10+00:00\",\"breadcrumb\":{\"@id\":\"http:\/\/dufilautresor.com\/wp\/produit\/coussin-patch-rose\/#breadcrumb\"},\"inLanguage\":\"fr-FR\",\"potentialAction\":[{\"@type\":\"ReadAction\",\"target\":[\"http:\/\/dufilautresor.com\/wp\/produit\/coussin-patch-rose\/\"]}]},{\"@type\":\"BreadcrumbList\",\"@id\":\"http:\/\/dufilautresor.com\/wp\/produit\/coussin-patch-rose\/#breadcrumb\",\"itemListElement\":[{\"@type\":\"ListItem\",\"position\":1,\"name\":\"Accueil\",\"item\":\"https:\/\/dufilautresor.com\/wp\/\"},{\"@type\":\"ListItem\",\"position\":2,\"name\":\"Boutique\",\"item\":\"http:\/\/dufilautresor.com\/wp\/boutique\/\"},{\"@type\":\"ListItem\",\"position\":3,\"name\":\"Coussin Patch Rose\"}]},{\"@type\":\"WebSite\",\"@id\":\"https:\/\/dufilautresor.com\/wp\/#website\",\"url\":\"https:\/\/dufilautresor.com\/wp\/\",\"name\":\"Du Fil au Tr\u00e9sor\",\"description\":\"Cr\u00e9ations de fil et d&#039;aiguilles \u00e0 s&#039;offrir - 100% fait main et made in france avec passion des finitions bien faites.\",\"publisher\":{\"@id\":\"https:\/\/dufilautresor.com\/wp\/#organization\"},\"potentialAction\":[{\"@type\":\"SearchAction\",\"target\":{\"@type\":\"EntryPoint\",\"urlTemplate\":\"https:\/\/dufilautresor.com\/wp\/?s={search_term_string}\"},\"query-input\":\"required name=search_term_string\"}],\"inLanguage\":\"fr-FR\"},{\"@type\":\"Organization\",\"@id\":\"https:\/\/dufilautresor.com\/wp\/#organization\",\"name\":\"Du Fil au Tr\u00e9sor\",\"url\":\"https:\/\/dufilautresor.com\/wp\/\",\"logo\":{\"@type\":\"ImageObject\",\"inLanguage\":\"fr-FR\",\"@id\":\"https:\/\/dufilautresor.com\/wp\/#\/schema\/logo\/image\/\",\"url\":\"http:\/\/dufilautresor.com\/wp\/wp-content\/uploads\/2018\/10\/dufil_logo.svg\",\"contentUrl\":\"http:\/\/dufilautresor.com\/wp\/wp-content\/uploads\/2018\/10\/dufil_logo.svg\",\"width\":1,\"height\":1,\"caption\":\"Du Fil au Tr\u00e9sor\"},\"image\":{\"@id\":\"https:\/\/dufilautresor.com\/wp\/#\/schema\/logo\/image\/\"},\"sameAs\":[\"https:\/\/www.facebook.com\/dufilautresor\/?locale=fr_FR\"]}]}<\/script>\n<!-- \/ Yoast SEO plugin. -->","yoast_head_json":{"title":"Coussin Patch Rose - Du Fil au Tr\u00e9sor","robots":{"index":"index","follow":"follow","max-snippet":"max-snippet:-1","max-image-preview":"max-image-preview:large","max-video-preview":"max-video-preview:-1"},"canonical":"http:\/\/dufilautresor.com\/wp\/produit\/coussin-patch-rose\/","og_locale":"fr_FR","og_type":"article","og_title":"Coussin Patch Rose - Du Fil au Tr\u00e9sor","og_description":"Coussin patchwork pour d\u00e9corer votre int\u00e9rieur","og_url":"http:\/\/dufilautresor.com\/wp\/produit\/coussin-patch-rose\/","og_site_name":"Du Fil au Tr\u00e9sor","article_publisher":"https:\/\/www.facebook.com\/dufilautresor\/?locale=fr_FR","article_modified_time":"2025-10-18T12:28:10+00:00","og_image":[{"width":2448,"height":2448,"url":"http:\/\/dufilautresor.com\/wp\/wp-content\/uploads\/2019\/06\/89D7180A-CF54-491C-9C0D-A4FE8CE910F2.jpeg","type":"image\/jpeg"}],"twitter_card":"summary_large_image","schema":{"@context":"https:\/\/schema.org","@graph":[{"@type":"WebPage","@id":"http:\/\/dufilautresor.com\/wp\/produit\/coussin-patch-rose\/","url":"http:\/\/dufilautresor.com\/wp\/produit\/coussin-patch-rose\/","name":"Coussin Patch Rose - Du Fil au Tr\u00e9sor","isPartOf":{"@id":"https:\/\/dufilautresor.com\/wp\/#website"},"datePublished":"2019-06-28T15:20:23+00:00","dateModified":"2025-10-18T12:28:10+00:00","breadcrumb":{"@id":"http:\/\/dufilautresor.com\/wp\/produit\/coussin-patch-rose\/#breadcrumb"},"inLanguage":"fr-FR","potentialAction":[{"@type":"ReadAction","target":["http:\/\/dufilautresor.com\/wp\/produit\/coussin-patch-rose\/"]}]},{"@type":"BreadcrumbList","@id":"http:\/\/dufilautresor.com\/wp\/produit\/coussin-patch-rose\/#breadcrumb","itemListElement":[{"@type":"ListItem","position":1,"name":"Accueil","item":"https:\/\/dufilautresor.com\/wp\/"},{"@type":"ListItem","position":2,"name":"Boutique","item":"http:\/\/dufilautresor.com\/wp\/boutique\/"},{"@type":"ListItem","position":3,"name":"Coussin Patch Rose"}]},{"@type":"WebSite","@id":"https:\/\/dufilautresor.com\/wp\/#website","url":"https:\/\/dufilautresor.com\/wp\/","name":"Du Fil au Tr\u00e9sor","description":"Cr\u00e9ations de fil et d&#039;aiguilles \u00e0 s&#039;offrir - 100% fait main et made in france avec passion des finitions bien faites.","publisher":{"@id":"https:\/\/dufilautresor.com\/wp\/#organization"},"potentialAction":[{"@type":"SearchAction","target":{"@type":"EntryPoint","urlTemplate":"https:\/\/dufilautresor.com\/wp\/?s={search_term_string}"},"query-input":"required name=search_term_string"}],"inLanguage":"fr-FR"},{"@type":"Organization","@id":"https:\/\/dufilautresor.com\/wp\/#organization","name":"Du Fil au Tr\u00e9sor","url":"https:\/\/dufilautresor.com\/wp\/","logo":{"@type":"ImageObject","inLanguage":"fr-FR","@id":"https:\/\/dufilautresor.com\/wp\/#\/schema\/logo\/image\/","url":"http:\/\/dufilautresor.com\/wp\/wp-content\/uploads\/2018\/10\/dufil_logo.svg","contentUrl":"http:\/\/dufilautresor.com\/wp\/wp-content\/uploads\/2018\/10\/dufil_logo.svg","width":1,"height":1,"caption":"Du Fil au Tr\u00e9sor"},"image":{"@id":"https:\/\/dufilautresor.com\/wp\/#\/schema\/logo\/image\/"},"sameAs":["https:\/\/www.facebook.com\/dufilautresor\/?locale=fr_FR"]}]}},"jetpack_sharing_enabled":true,"_links":{"self":[{"href":"http:\/\/dufilautresor.com\/wp\/wp-json\/wp\/v2\/product\/331"}],"collection":[{"href":"http:\/\/dufilautresor.com\/wp\/wp-json\/wp\/v2\/product"}],"about":[{"href":"http:\/\/dufilautresor.com\/wp\/wp-json\/wp\/v2\/types\/product"}],"replies":[{"embeddable":true,"href":"http:\/\/dufilautresor.com\/wp\/wp-json\/wp\/v2\/comments?post=331"}],"wp:featuredmedia":[{"embeddable":true,"href":"http:\/\/dufilautresor.com\/wp\/wp-json\/wp\/v2\/media\/324"}],"wp:attachment":[{"href":"http:\/\/dufilautresor.com\/wp\/wp-json\/wp\/v2\/media?parent=331"}],"wp:term":[{"taxonomy":"product_cat","embeddable":true,"href":"http:\/\/dufilautresor.com\/wp\/wp-json\/wp\/v2\/product_cat?post=331"},{"taxonomy":"product_tag","embeddable":true,"href":"http:\/\/dufilautresor.com\/wp\/wp-json\/wp\/v2\/product_tag?post=331"}],"curies":[{"name":"wp","href":"https:\/\/api.w.org\/{rel}","templated":true}]}}